{"id":255,"date":"2018-11-21T15:09:20","date_gmt":"2018-11-21T20:09:20","guid":{"rendered":"https:\/\/lucaselectrique.com\/sample-page\/"},"modified":"2023-06-13T13:09:16","modified_gmt":"2023-06-13T17:09:16","slug":"sample-page","status":"publish","type":"page","link":"https:\/\/lucaselectrique.com\/en\/","title":{"rendered":"Home"},"content":{"rendered":"<div class=\"wpb-content-wrapper\"><p>[vc_row css_animation=&#8221;&#8221; row_type=&#8221;row&#8221; use_row_as_full_screen_section=&#8221;no&#8221; type=&#8221;grid&#8221; angled_section=&#8221;no&#8221; text_align=&#8221;left&#8221; video=&#8221;show_video&#8221; video_webm=&#8221;\/wp-content\/uploads\/2018\/11\/header.webm&#8221; video_mp4=&#8221;\/wp-content\/uploads\/2018\/11\/header.mp4&#8243; video_ogv=&#8221;\/wp-content\/uploads\/2018\/11\/header.ogv&#8221; video_image=&#8221;468&#8243; background_image_as_pattern=&#8221;without_pattern&#8221; el_id=&#8221;bloc-title&#8221; z_index=&#8221;&#8221;][vc_column][vc_single_image image=&#8221;256&#8243; img_size=&#8221;full&#8221; qode_css_animation=&#8221;&#8221;][\/vc_column][\/vc_row][vc_row css_animation=&#8221;&#8221; row_type=&#8221;row&#8221; use_row_as_full_screen_section=&#8221;no&#8221; type=&#8221;grid&#8221; angled_section=&#8221;no&#8221; text_align=&#8221;left&#8221; background_image_as_pattern=&#8221;without_pattern&#8221; z_index=&#8221;&#8221; el_id=&#8221;bloc-after-title&#8221; el_class=&#8221;accueil-bg&#8221;][vc_column][vc_row_inner row_type=&#8221;row&#8221; type=&#8221;full_width&#8221; text_align=&#8221;left&#8221; css_animation=&#8221;&#8221; el_class=&#8221;text-section&#8221;][vc_column_inner][vc_column_text]<\/p>\n<h1><span class=\"title-top\">Our team<\/span><br \/>\n<span class=\"title-middle\">is lit<\/span><\/h1>\n<p>[\/vc_column_text][vc_column_text]Our company, Lucas \u00c9lectrique, founded in 1988, is<strong> the gold standard for electrical services in Gatineau<\/strong>. We offer expert services for all commercial, residential, and industrial installations as well as renovations. [\/vc_column_text]<a  itemprop=\"url\" href=\"\/en\/our-company\/\" target=\"_self\"  class=\"qbutton  default\" style=\"\">A bit more about us<\/a>[\/vc_column_inner][\/vc_row_inner][vc_row_inner row_type=&#8221;row&#8221; type=&#8221;full_width&#8221; text_align=&#8221;left&#8221; css_animation=&#8221;&#8221; el_class=&#8221;services-section&#8221; el_id=&#8221;services&#8221; css=&#8221;.vc_custom_1686676134661{padding-bottom: 300px !important;}&#8221;][vc_column_inner el_class=&#8221;services-section-top&#8221;][vc_column_text]<\/p>\n<h1><span class=\"title-top\">Master<\/span><br \/>\n<span class=\"title-middle\">electricians<\/span><\/h1>\n<p>[\/vc_column_text][\/vc_column_inner][vc_column_inner el_class=&#8221;services-section-left&#8221; width=&#8221;1\/3&#8243;][vc_column_text]\t<div class=\"bubble-link-container normal\">\n\t\t<a class=\"bubble-link\" href=\"\/en\/residential\/\">\n\t\t\t<div class=\"bubble-link-top\" style=\"background-image: url(\/wp-content\/uploads\/2018\/11\/residentiel-bg.png);\">\n\t\t\t\t\t\t\t\t<div class=\"bubble-link-top-inner\">\n\t\t\t\t\t<div class=\"display-table\">\n\t\t\t\t\t\t<div class=\"display-cell\">\n\t\t\t\t\t\t\t<div class=\"bubble-link-icon\">\n\t\t\t\t\t\t\t\t<div class=\"display-table\">\n\t\t\t\t\t\t\t\t\t<div class=\"display-cell\">\n\t\t\t\t\t\t\t\t\t\t<img decoding=\"async\" src=\"\/wp-content\/uploads\/2018\/11\/residentiel-icon.png\" alt=\"Residential\">\n\t\t\t\t\t\t\t\t\t<\/div>\n\t\t\t\t\t\t\t\t<\/div>\n\t\t\t\t\t\t\t<\/div>\n\t\t\t\t\t\t<\/div>\n\t\t\t\t\t<\/div>\n\t\t\t\t<\/div>\n\t\t\t\t\t\t\t\t\t\t\t\t<img decoding=\"async\" src=\"\/wp-content\/uploads\/2018\/11\/arrow-down.png\" alt=\"Residential\" class=\"bubble-down-arrow\">\n\t\t\t\t\t\t\t<\/div>\n\t\t\t\t\t\t<div class=\"bubble-link-bottom\">\n\t\t\t\t<span>Residential<\/span>\n\t\t\t<\/div>\n\t\t\t\t\t<\/a>\n\t<\/div>\n\t[\/vc_column_text][\/vc_column_inner][vc_column_inner el_class=&#8221;services-section-center&#8221; width=&#8221;1\/3&#8243;][vc_column_text]\t<div class=\"bubble-link-container large\">\n\t\t<a class=\"bubble-link\" href=\"\/en\/commercial\/\">\n\t\t\t<div class=\"bubble-link-top\" style=\"background-image: url(\/wp-content\/uploads\/2018\/11\/commercial-bg.png);\">\n\t\t\t\t\t\t\t\t<div class=\"bubble-link-top-inner\">\n\t\t\t\t\t<div class=\"display-table\">\n\t\t\t\t\t\t<div class=\"display-cell\">\n\t\t\t\t\t\t\t<div class=\"bubble-link-icon\">\n\t\t\t\t\t\t\t\t<div class=\"display-table\">\n\t\t\t\t\t\t\t\t\t<div class=\"display-cell\">\n\t\t\t\t\t\t\t\t\t\t<img decoding=\"async\" src=\"\/wp-content\/uploads\/2018\/11\/commercial-icon.png\" alt=\"Commercial\">\n\t\t\t\t\t\t\t\t\t<\/div>\n\t\t\t\t\t\t\t\t<\/div>\n\t\t\t\t\t\t\t<\/div>\n\t\t\t\t\t\t<\/div>\n\t\t\t\t\t<\/div>\n\t\t\t\t<\/div>\n\t\t\t\t\t\t\t\t\t\t\t\t<img decoding=\"async\" src=\"\/wp-content\/uploads\/2018\/11\/arrow-down.png\" alt=\"Commercial\" class=\"bubble-down-arrow\">\n\t\t\t\t\t\t\t<\/div>\n\t\t\t\t\t\t<div class=\"bubble-link-bottom\">\n\t\t\t\t<span>Commercial<\/span>\n\t\t\t<\/div>\n\t\t\t\t\t<\/a>\n\t<\/div>\n\t[\/vc_column_text][\/vc_column_inner][vc_column_inner el_class=&#8221;services-section-right&#8221; width=&#8221;1\/3&#8243;][vc_column_text]\t<div class=\"bubble-link-container normal\">\n\t\t<a class=\"bubble-link\" href=\"\/en\/industrial-and-institutional\/\">\n\t\t\t<div class=\"bubble-link-top\" style=\"background-image: url(\/wp-content\/uploads\/2018\/11\/industriel-bg.png);\">\n\t\t\t\t\t\t\t\t<div class=\"bubble-link-top-inner\">\n\t\t\t\t\t<div class=\"display-table\">\n\t\t\t\t\t\t<div class=\"display-cell\">\n\t\t\t\t\t\t\t<div class=\"bubble-link-icon\">\n\t\t\t\t\t\t\t\t<div class=\"display-table\">\n\t\t\t\t\t\t\t\t\t<div class=\"display-cell\">\n\t\t\t\t\t\t\t\t\t\t<img decoding=\"async\" src=\"\/wp-content\/uploads\/2018\/11\/industriel-icon.png\" alt=\"Industrial &amp; institutional\">\n\t\t\t\t\t\t\t\t\t<\/div>\n\t\t\t\t\t\t\t\t<\/div>\n\t\t\t\t\t\t\t<\/div>\n\t\t\t\t\t\t<\/div>\n\t\t\t\t\t<\/div>\n\t\t\t\t<\/div>\n\t\t\t\t\t\t\t\t\t\t\t\t<img decoding=\"async\" src=\"\/wp-content\/uploads\/2018\/11\/arrow-down.png\" alt=\"Industrial &amp; institutional\" class=\"bubble-down-arrow\">\n\t\t\t\t\t\t\t<\/div>\n\t\t\t\t\t\t<div class=\"bubble-link-bottom\">\n\t\t\t\t<span>Industrial &amp; institutional<\/span>\n\t\t\t<\/div>\n\t\t\t\t\t<\/a>\n\t<\/div>\n\t[\/vc_column_text][\/vc_column_inner][\/vc_row_inner][\/vc_column][\/vc_row]<\/p>\n<\/div>","protected":false},"excerpt":{"rendered":"<p>[vc_row css_animation=&#8221;&#8221; row_type=&#8221;row&#8221; use_row_as_full_screen_section=&#8221;no&#8221; type=&#8221;grid&#8221; angled_section=&#8221;no&#8221; text_align=&#8221;left&#8221; video=&#8221;show_video&#8221; video_webm=&#8221;\/wp-content\/uploads\/2018\/11\/header.webm&#8221; video_mp4=&#8221;\/wp-content\/uploads\/2018\/11\/header.mp4&#8243; video_ogv=&#8221;\/wp-content\/uploads\/2018\/11\/header.ogv&#8221; video_image=&#8221;468&#8243; background_image_as_pattern=&#8221;without_pattern&#8221; el_id=&#8221;bloc-title&#8221; z_index=&#8221;&#8221;][vc_column][vc_single_image image=&#8221;256&#8243; img_size=&#8221;full&#8221; qode_css_animation=&#8221;&#8221;][\/vc_column][\/vc_row][vc_row css_animation=&#8221;&#8221; row_type=&#8221;row&#8221; use_row_as_full_screen_section=&#8221;no&#8221; type=&#8221;grid&#8221; angled_section=&#8221;no&#8221; text_align=&#8221;left&#8221; background_image_as_pattern=&#8221;without_pattern&#8221; z_index=&#8221;&#8221; el_id=&#8221;bloc-after-title&#8221; el_class=&#8221;accueil-bg&#8221;][vc_column][vc_row_inner row_type=&#8221;row&#8221; type=&#8221;full_width&#8221; text_align=&#8221;left&#8221; css_animation=&#8221;&#8221; el_class=&#8221;text-section&#8221;][vc_column_inner][vc_column_text] Our team is lit [\/vc_column_text][vc_column_text]Our company, Lucas \u00c9lectrique, founded in 1988, is&#8230;<\/p>\n","protected":false},"author":1,"featured_media":0,"parent":0,"menu_order":0,"comment_status":"closed","ping_status":"open","template":"full_width.php","meta":{"_acf_changed":false,"footnotes":""},"class_list":["post-255","page","type-page","status-publish","hentry"],"acf":[],"yoast_head":"<!-- This site is optimized with the Yoast SEO plugin v27.4 - https:\/\/yoast.com\/product\/yoast-seo-wordpress\/ -->\n<title>Lucas \u00c9lectrique | \u00c9lectricien<\/title>\n<meta name=\"description\" content=\"Nous vous offrons des services d\u2019experts \u00e9lectriciens pour toutes installations \u00e9lectriques commerciales, r\u00e9sidentielles et industrielles ainsi que des services en r\u00e9novation.\" \/>\n<meta name=\"robots\" content=\"index, follow, max-snippet:-1, max-image-preview:large, max-video-preview:-1\" \/>\n<link rel=\"canonical\" href=\"https:\/\/lucaselectrique.com\/en\/\" \/>\n<meta property=\"og:locale\" content=\"en_US\" \/>\n<meta property=\"og:type\" content=\"article\" \/>\n<meta property=\"og:title\" content=\"Lucas \u00c9lectrique | \u00c9lectricien\" \/>\n<meta property=\"og:description\" content=\"Nous vous offrons des services d\u2019experts \u00e9lectriciens pour toutes installations \u00e9lectriques commerciales, r\u00e9sidentielles et industrielles ainsi que des services en r\u00e9novation.\" \/>\n<meta property=\"og:url\" content=\"https:\/\/lucaselectrique.com\/en\/\" \/>\n<meta property=\"og:site_name\" content=\"Lucas \u00c9lectrique\" \/>\n<meta property=\"article:modified_time\" content=\"2023-06-13T17:09:16+00:00\" \/>\n<meta property=\"og:image\" content=\"https:\/\/lucaselectrique.com\/wp-content\/uploads\/2018\/11\/accueil-bloc-title-bg.jpg\" \/>\n<meta name=\"twitter:card\" content=\"summary_large_image\" \/>\n<meta name=\"twitter:label1\" content=\"Est. reading time\" \/>\n\t<meta name=\"twitter:data1\" content=\"1 minute\" \/>\n<script type=\"application\/ld+json\" class=\"yoast-schema-graph\">{\"@context\":\"https:\\\/\\\/schema.org\",\"@graph\":[{\"@type\":\"WebPage\",\"@id\":\"https:\\\/\\\/lucaselectrique.com\\\/en\\\/\",\"url\":\"https:\\\/\\\/lucaselectrique.com\\\/en\\\/\",\"name\":\"Lucas \u00c9lectrique | \u00c9lectricien\",\"isPartOf\":{\"@id\":\"https:\\\/\\\/lucaselectrique.com\\\/#website\"},\"datePublished\":\"2018-11-21T20:09:20+00:00\",\"dateModified\":\"2023-06-13T17:09:16+00:00\",\"description\":\"Nous vous offrons des services d\u2019experts \u00e9lectriciens pour toutes installations \u00e9lectriques commerciales, r\u00e9sidentielles et industrielles ainsi que des services en r\u00e9novation.\",\"breadcrumb\":{\"@id\":\"https:\\\/\\\/lucaselectrique.com\\\/en\\\/#breadcrumb\"},\"inLanguage\":\"en-US\",\"potentialAction\":[{\"@type\":\"ReadAction\",\"target\":[\"https:\\\/\\\/lucaselectrique.com\\\/en\\\/\"]}]},{\"@type\":\"BreadcrumbList\",\"@id\":\"https:\\\/\\\/lucaselectrique.com\\\/en\\\/#breadcrumb\",\"itemListElement\":[{\"@type\":\"ListItem\",\"position\":1,\"name\":\"Home\",\"item\":\"https:\\\/\\\/lucaselectrique.com\\\/en\\\/\"},{\"@type\":\"ListItem\",\"position\":2,\"name\":\"Home\"}]},{\"@type\":\"WebSite\",\"@id\":\"https:\\\/\\\/lucaselectrique.com\\\/#website\",\"url\":\"https:\\\/\\\/lucaselectrique.com\\\/\",\"name\":\"Lucas \u00c9lectrique\",\"description\":\"Depuis 1988\",\"potentialAction\":[{\"@type\":\"SearchAction\",\"target\":{\"@type\":\"EntryPoint\",\"urlTemplate\":\"https:\\\/\\\/lucaselectrique.com\\\/?s={search_term_string}\"},\"query-input\":{\"@type\":\"PropertyValueSpecification\",\"valueRequired\":true,\"valueName\":\"search_term_string\"}}],\"inLanguage\":\"en-US\"}]}<\/script>\n<!-- \/ Yoast SEO plugin. -->","yoast_head_json":{"title":"Lucas \u00c9lectrique | \u00c9lectricien","description":"Nous vous offrons des services d\u2019experts \u00e9lectriciens pour toutes installations \u00e9lectriques commerciales, r\u00e9sidentielles et industrielles ainsi que des services en r\u00e9novation.","robots":{"index":"index","follow":"follow","max-snippet":"max-snippet:-1","max-image-preview":"max-image-preview:large","max-video-preview":"max-video-preview:-1"},"canonical":"https:\/\/lucaselectrique.com\/en\/","og_locale":"en_US","og_type":"article","og_title":"Lucas \u00c9lectrique | \u00c9lectricien","og_description":"Nous vous offrons des services d\u2019experts \u00e9lectriciens pour toutes installations \u00e9lectriques commerciales, r\u00e9sidentielles et industrielles ainsi que des services en r\u00e9novation.","og_url":"https:\/\/lucaselectrique.com\/en\/","og_site_name":"Lucas \u00c9lectrique","article_modified_time":"2023-06-13T17:09:16+00:00","og_image":[{"url":"https:\/\/lucaselectrique.com\/wp-content\/uploads\/2018\/11\/accueil-bloc-title-bg.jpg","type":"","width":"","height":""}],"twitter_card":"summary_large_image","twitter_misc":{"Est. reading time":"1 minute"},"schema":{"@context":"https:\/\/schema.org","@graph":[{"@type":"WebPage","@id":"https:\/\/lucaselectrique.com\/en\/","url":"https:\/\/lucaselectrique.com\/en\/","name":"Lucas \u00c9lectrique | \u00c9lectricien","isPartOf":{"@id":"https:\/\/lucaselectrique.com\/#website"},"datePublished":"2018-11-21T20:09:20+00:00","dateModified":"2023-06-13T17:09:16+00:00","description":"Nous vous offrons des services d\u2019experts \u00e9lectriciens pour toutes installations \u00e9lectriques commerciales, r\u00e9sidentielles et industrielles ainsi que des services en r\u00e9novation.","breadcrumb":{"@id":"https:\/\/lucaselectrique.com\/en\/#breadcrumb"},"inLanguage":"en-US","potentialAction":[{"@type":"ReadAction","target":["https:\/\/lucaselectrique.com\/en\/"]}]},{"@type":"BreadcrumbList","@id":"https:\/\/lucaselectrique.com\/en\/#breadcrumb","itemListElement":[{"@type":"ListItem","position":1,"name":"Home","item":"https:\/\/lucaselectrique.com\/en\/"},{"@type":"ListItem","position":2,"name":"Home"}]},{"@type":"WebSite","@id":"https:\/\/lucaselectrique.com\/#website","url":"https:\/\/lucaselectrique.com\/","name":"Lucas \u00c9lectrique","description":"Depuis 1988","potentialAction":[{"@type":"SearchAction","target":{"@type":"EntryPoint","urlTemplate":"https:\/\/lucaselectrique.com\/?s={search_term_string}"},"query-input":{"@type":"PropertyValueSpecification","valueRequired":true,"valueName":"search_term_string"}}],"inLanguage":"en-US"}]}},"_links":{"self":[{"href":"https:\/\/lucaselectrique.com\/en\/wp-json\/wp\/v2\/pages\/255","targetHints":{"allow":["GET"]}}],"collection":[{"href":"https:\/\/lucaselectrique.com\/en\/wp-json\/wp\/v2\/pages"}],"about":[{"href":"https:\/\/lucaselectrique.com\/en\/wp-json\/wp\/v2\/types\/page"}],"author":[{"embeddable":true,"href":"https:\/\/lucaselectrique.com\/en\/wp-json\/wp\/v2\/users\/1"}],"replies":[{"embeddable":true,"href":"https:\/\/lucaselectrique.com\/en\/wp-json\/wp\/v2\/comments?post=255"}],"version-history":[{"count":14,"href":"https:\/\/lucaselectrique.com\/en\/wp-json\/wp\/v2\/pages\/255\/revisions"}],"predecessor-version":[{"id":541,"href":"https:\/\/lucaselectrique.com\/en\/wp-json\/wp\/v2\/pages\/255\/revisions\/541"}],"wp:attachment":[{"href":"https:\/\/lucaselectrique.com\/en\/wp-json\/wp\/v2\/media?parent=255"}],"curies":[{"name":"wp","href":"https:\/\/api.w.org\/{rel}","templated":true}]}}